{"id":24,"date":"2019-07-22T19:11:28","date_gmt":"2019-07-22T17:11:28","guid":{"rendered":"http:\/\/www.modepen.org\/?page_id=24"},"modified":"2025-07-01T09:18:47","modified_gmt":"2025-07-01T07:18:47","slug":"qen","status":"publish","type":"page","link":"https:\/\/www.modepen.org\/index.php\/qen\/","title":{"rendered":"Quen Somos"},"content":{"rendered":"<p>Somos un colectivo de persoas fondamente preocupadas pola deriva que se est\u00e1 a producir no Sistema P\u00fablico de Pensi\u00f3ns.<\/p>\n<p>Estamos asoci\u00e1ndonos para, de forma organizada, loitar contra as medidas antisociais tomadas ata agora polos gobernos, claramente dirixidas \u00e1 desaparici\u00f3n deste Sistema, e encami\u00f1adas a favorecer plans de pensi\u00f3ns privados para beneficio do seus amigos da banca e das grandes aseguradoras, en prexu\u00edzo da clase traballadora, que en moitos casos, se non lle po\u00f1emos remedio, nos levar\u00e1n a subsistir coas axudas da beneficiencia.<\/p>\n<p>Falamos dun colectivo solidariamente organizado, plenamente democr\u00e1tico, asambleario e participativo. F\u00f3ra de todo sometemento a ningunha instancia partidaria, institucional ou patronal, pero abertos \u00e1 m\u00e1is estreita colaboraci\u00f3n solidaria con todo colectivo humano disposto a defender consecuentemente a xustiza social e unha vida digna para toda a humanidade.<\/p>\n<p>Porque cremos na solidaridade de clase, no apoio interxerenacional e na concilici\u00f3n da vida laboral e familiar, defendemos un sistema p\u00fablico de pensions, de reparto, igualitario, digno e universal.<\/p>\n<p>Coas movilizacions dos pensionistas consegiuse que a suba das pensi\u00f3ns dos anos 2018 e 2019 fose dun 1,6% e as m\u00ednimas do 3% e non o miserable 0,25%, xa que a reforma do 2013 do goberno do PP sigue sen derogar. Por iso, <strong>GOBERNE QUE GOBERNE<\/strong>, seguiremos na r\u00faa loitando polas pensi\u00f3ns p\u00fablicas.<\/p>\n<h2>Obxectivos<\/h2>\n<p>O Movemento Galego pola Defenda do Sistema P\u00fablico de Pensi\u00f3ns (MODEPEN), ten como fin a defensa do dereito de t\u00f3dalas persoas xubiladas, actuais e futuras, a percepci\u00f3n dunha pensi\u00f3n p\u00fablica que lle permita, despois dunha longa etapa laboral, vivir con dignidade os \u00faltimos anos da sua vida. Estamos constituidos a nivel galego pero colaboramos a trav\u00e9s da Coordinadora Estatal con outros colectivos do estado para conseguir entre tod@s, revertir a situaci\u00f3n de miseria na que nos meteron o poder pol\u00edtico e econ\u00f3mico con esta estafa chamada crise, que afecta directamente a 9.400.000 persoas e indirectamente ao 25% dos fogares que dependen das aportaci\u00f3ns dos pensionistas para que os fillos e netos poidan chegar a fin de mes.<\/p>\n<h2><a href=\"https:\/\/www.modepen.org\/wp-content\/uploads\/2025\/07\/AS-IDEAS-QUE-NOS-UNEN-2024-02.pdf\" target=\"_blank\" rel=\"noopener noreferrer\">AS IDEAS QUE NOS UNEN Documento Marco refrendado na VI Asemblea. T\u00c1BOA REIVINDICATIVA<\/a><\/h2>\n<h2><a href=\"https:\/\/www.modepen.org\/wp-content\/uploads\/2024\/11\/ESTATUTOS_MODEPEN-2024-1.pdf\" target=\"_blank\" rel=\"noopener noreferrer\">ESTATUTOS MODEPEN Aprobados na VI Asemblea<\/a><\/h2>\n","protected":false},"excerpt":{"rendered":"<p>Somos un colectivo de persoas fondamente preocupadas pola deriva que se est\u00e1 a producir no Sistema P\u00fablico de Pensi\u00f3ns. Estamos[&#8230;]<\/p>\n","protected":false},"author":3,"featured_media":0,"parent":0,"menu_order":0,"comment_status":"closed","ping_status":"closed","template":"","meta":{"footnotes":""},"class_list":["post-24","page","type-page","status-publish","hentry"],"_links":{"self":[{"href":"https:\/\/www.modepen.org\/index.php\/wp-json\/wp\/v2\/pages\/24","targetHints":{"allow":["GET"]}}],"collection":[{"href":"https:\/\/www.modepen.org\/index.php\/wp-json\/wp\/v2\/pages"}],"about":[{"href":"https:\/\/www.modepen.org\/index.php\/wp-json\/wp\/v2\/types\/page"}],"author":[{"embeddable":true,"href":"https:\/\/www.modepen.org\/index.php\/wp-json\/wp\/v2\/users\/3"}],"replies":[{"embeddable":true,"href":"https:\/\/www.modepen.org\/index.php\/wp-json\/wp\/v2\/comments?post=24"}],"version-history":[{"count":22,"href":"https:\/\/www.modepen.org\/index.php\/wp-json\/wp\/v2\/pages\/24\/revisions"}],"predecessor-version":[{"id":3471,"href":"https:\/\/www.modepen.org\/index.php\/wp-json\/wp\/v2\/pages\/24\/revisions\/3471"}],"wp:attachment":[{"href":"https:\/\/www.modepen.org\/index.php\/wp-json\/wp\/v2\/media?parent=24"}],"curies":[{"name":"wp","href":"https:\/\/api.w.org\/{rel}","templated":true}]}}