{"id":38,"date":"2019-07-23T11:53:20","date_gmt":"2019-07-23T09:53:20","guid":{"rendered":"http:\/\/www.modepen.org\/?page_id=38"},"modified":"2020-12-08T18:41:31","modified_gmt":"2020-12-08T17:41:31","slug":"taboa-reivindicativa","status":"publish","type":"page","link":"https:\/\/www.modepen.org\/index.php\/qen\/taboa-reivindicativa\/","title":{"rendered":"T\u00e1boa Reivindicativa"},"content":{"rendered":"<p><strong>MODEPEN<\/strong> ten como fin prioritario a consecuci\u00f3n das seguintes reivindicacions:<\/p>\n<p><strong><u>Bloque legal<\/u><\/strong><strong>:\u00a0<\/strong><\/p>\n<ol>\n<li>Recoller as pensi\u00f3ns como un dereito constitucional, e inclu\u00edr as mesmas nos orzamentos xerais do estado<\/li>\n<li>Restablecer a Xubilaci\u00f3n Ordinaria aos 65 e 35 anos de cotizaci\u00f3n.<\/li>\n<li>Xubilaci\u00f3n anticipada sen penalizar con 40 ou m\u00e1is anos cotizados = 100%.<\/li>\n<li>Recuperaci\u00f3n do Subsidio para maiores de 52 anos.<\/li>\n<li>Integraci\u00f3n dos R\u00e9ximes especiais en todos os seus campos.<\/li>\n<li>Derogaci\u00f3n das reformas do sistema de pensi\u00f3ns de 2011 e 2013.<\/li>\n<\/ol>\n<p><strong><u>Bloque econ\u00f3mico<\/u><\/strong><strong>:\u00a0<\/strong><\/p>\n<ol>\n<li>Pensi\u00f3n m\u00ednima de 1084 \u20ac que garanta con dignidade a vida de acordo cos criterios da Carta Social Europea.<\/li>\n<li>Revalorizaci\u00f3n autom\u00e1tica das pensi\u00f3ns en relaci\u00f3n ao IPC real anual.<\/li>\n<li>Recuperaci\u00f3n econ\u00f3mica do perdido desde 2011.<\/li>\n<\/ol>\n<p><strong><u>Bloque Social<\/u><\/strong><strong>:\u00a0<\/strong><\/p>\n<ol>\n<li>Homologaci\u00f3n das Prestaci\u00f3ns a niveis da Carta Social Europea.<\/li>\n<li>Modificaci\u00f3n do tope m\u00ednimo en caso de dobre pagador.<\/li>\n<li>Desaparici\u00f3n da Brecha de x\u00e9nero nas pensi\u00f3ns.<\/li>\n<li>Pleno e inmediato funcionamento da Lei de Dependencia.<\/li>\n<li>Eliminar todo tipo de copagamento e restablecemento dos dereitos sanitarios.<\/li>\n<li>Garant\u00eda das subministraci\u00f3ns b\u00e1sicas (enerx\u00eda, auga, transporte).<\/li>\n<\/ol>\n<p><strong><u>Bloque Territorial<\/u><\/strong><strong>:\u00a0<\/strong><\/p>\n<ol>\n<li>Pleno funcionamiento da Lei de Dependencia. Posta al d\u00eda das listas de espera, reduc\u00edndoas aos prazos previstos legalmente. Revisi\u00f3n dos criterios de concesi\u00f3n de axudas a dependencia, elevaci\u00f3n das cont\u00edas que permitan unha vida digna para as persoas dependentes. Esixir a Xunta de Galicia dar de alta na Seguridade Social as coidadoras e coidadores mentres non se implante un servizo P\u00fablico de coidados de calidade.<\/li>\n<li>Eliminaci\u00f3n do copago farmac\u00e9utico.<\/li>\n<li>Revisi\u00f3n do sistema de cobertura dos medicamentos asociados a procesos cr\u00f3nicos.<\/li>\n<li>Restablecemento de t\u00f3doslos dereitos sanitarios e ampliaci\u00f3n das coberturas introducindo as relacionadas co coidado dental e as pr\u00f3tesis auditivas e visuais.<\/li>\n<li>Establecemento dunha tarxeta do pensionista con coberturas para o uso do transporte p\u00fablico e a acceso aos bens culturais subvencionados ou xestionados pola Administraci\u00f3n.<\/li>\n<li>Elevaci\u00f3n da cont\u00eda da RISGA e doutras axudas sociais ata unha cantidade que permita unha vida digna, sendo a cantidade a percibir igual a o SMI. Eliminaci\u00f3n do l\u00edmite para cobrar esta prestaci\u00f3n e modificaci\u00f3n dos criterios par a sua concesi\u00f3n.<\/li>\n<\/ol>\n","protected":false},"excerpt":{"rendered":"<p>MODEPEN ten como fin prioritario a consecuci\u00f3n das seguintes reivindicacions: Bloque legal:\u00a0 Recoller as pensi\u00f3ns como un dereito constitucional, e[&#8230;]<\/p>\n","protected":false},"author":3,"featured_media":0,"parent":24,"menu_order":0,"comment_status":"closed","ping_status":"closed","template":"","meta":{"footnotes":""},"class_list":["post-38","page","type-page","status-publish","hentry"],"_links":{"self":[{"href":"https:\/\/www.modepen.org\/index.php\/wp-json\/wp\/v2\/pages\/38","targetHints":{"allow":["GET"]}}],"collection":[{"href":"https:\/\/www.modepen.org\/index.php\/wp-json\/wp\/v2\/pages"}],"about":[{"href":"https:\/\/www.modepen.org\/index.php\/wp-json\/wp\/v2\/types\/page"}],"author":[{"embeddable":true,"href":"https:\/\/www.modepen.org\/index.php\/wp-json\/wp\/v2\/users\/3"}],"replies":[{"embeddable":true,"href":"https:\/\/www.modepen.org\/index.php\/wp-json\/wp\/v2\/comments?post=38"}],"version-history":[{"count":7,"href":"https:\/\/www.modepen.org\/index.php\/wp-json\/wp\/v2\/pages\/38\/revisions"}],"predecessor-version":[{"id":412,"href":"https:\/\/www.modepen.org\/index.php\/wp-json\/wp\/v2\/pages\/38\/revisions\/412"}],"up":[{"embeddable":true,"href":"https:\/\/www.modepen.org\/index.php\/wp-json\/wp\/v2\/pages\/24"}],"wp:attachment":[{"href":"https:\/\/www.modepen.org\/index.php\/wp-json\/wp\/v2\/media?parent=38"}],"curies":[{"name":"wp","href":"https:\/\/api.w.org\/{rel}","templated":true}]}}